{"id":174,"date":"2024-08-26T13:01:25","date_gmt":"2024-08-26T10:01:25","guid":{"rendered":"https:\/\/turaida-muzejs.lv\/en\/?page_id=174"},"modified":"2026-03-19T13:57:58","modified_gmt":"2026-03-19T10:57:58","slug":"contacts-and-structure","status":"publish","type":"page","link":"https:\/\/turaida-muzejs.lv\/en\/history-of-turaida-museum-reserve\/contacts-and-structure\/","title":{"rendered":"Contacts and structure"},"content":{"rendered":"\n<h2 class=\"wp-block-heading\">Contacts of Turaida Museum Reserve<\/h2>\n\n\n\n<p><strong>Visitor center phone:<\/strong> +37167972376, +37129139220 (every day during the working hours of the museum reserve)<br><strong>Contact phone:<\/strong> +37167971402, +37163500001 (working days)<br><strong>Email for communication:<\/strong> <a href=\"mailto:pasts@turaida-muzejs.lv\">pasts@tmr.gov.lv<\/a><\/p>\n\n\n\n<h2 class=\"wp-block-heading has-text-align-left\">Contacts of Turaida Museum Reserve employees<\/h2>\n\n\n\n<p><strong>Director  &#8211;<\/strong> <strong>Jolanta Bor\u012bte<\/strong><br>+37167971402<br>+37126198322<br> <a href=\"mailto:jolanta.borite@tmr.gov.lv\">jolanta.borite@tmr.gov.lv<\/a><\/p>\n\n\n\n<p><strong>Deputy Director for Scientific Research  &#8211; Vija Stik\u0101ne<br><\/strong>+37167971402<br>+37128646552<br><a href=\"mailto:vija.stikane@turaida-muzejs.lv\" title=\"\">vija.stikane@tmr.gov.lv<\/a><\/p>\n\n\n\n<p><strong>Head of the Department for Development and Communications \u2013 Leonarda \u0136estere-K\u013cavi\u0146a<br><\/strong>+37129489150<br><a href=\"https:\/\/turaida-muzejs.lv\/muzejrezervats\/tmr-komandas-struktura\/leonarda.kestere-klavina@tmr.gov.lv\" target=\"_blank\" rel=\"noreferrer noopener\">leonarda.kestere-klavina@tmr.gov.lv<\/a><\/p>\n\n\n\n<p>Project Manager &#8211; Ieva Malceniece<br>+37167971402<br><a href=\"mailto:ieva.malceniece@tmr.gov.lv\">ieva.malceniece@tmr.gov.lv<\/a><\/p>\n\n\n\n<p><strong>Head of the Research and Exhibitions &nbsp;Department \u2013 Jolanta Duka\u013cska<br><\/strong>+37167971402<br><a href=\"mailto:jolanta.dukalska@turaida-muzejs.lv\" title=\"\">jolanta.dukalska@tmr.gov.lv<\/a><\/p>\n\n\n\n<p>Colllections Curator \u2013 Aija Dzene<br>+37129375135<br><a href=\"mailto:liga.kreismane@turaida-muzejs.lv\">aija.dzene@tmr.gov.lv&nbsp;<\/a><br><a href=\"mailto:krajums@turaida-muzejs.lv\">krajums@tmr.gov.lv<\/a><\/p>\n\n\n\n<p><strong>Head of the&nbsp;Department&nbsp;of Education and Communication \u2013&nbsp;Gunta Za\u0137\u012bte<br><\/strong>+37167971402<br>+37129384512<br><a href=\"mailto:gunta.zakite@turaida-muzejs.lv\" title=\"\">gunta.zakite@tmr.gov.lv<\/a><\/p>\n\n\n\n<p>Museum Educator \u2013 Mareks Balmanis<br>+37120277930<br><a href=\"mailto:info@tmr.gov.lv\">info@tmr.gov.lv<\/a><\/p>\n\n\n\n<p><strong>Head of Visitor Services Department \u2013 Rud\u012bte Andersone<\/strong><br>+3767971402<br><a href=\"mailto:rudite.andersone@tmr.gov.lv\">rudite.andersone@tmr.gov.lv<\/a><\/p>\n\n\n\n<p>Chief specialist<strong>&nbsp;<\/strong>(co-operation with tourism companies)&nbsp;<strong>\u2013 <\/strong>Ilga Korkli\u0161a<strong><br><\/strong>+ 371 67971402<br>+ 371 29269921<br><a href=\"mailto:ilga.korklisa@turaida-muzejs.lv\">ilga.korklisa@tmr.gov.lv<\/a><\/p>\n\n\n\n<p><strong>Head of the Documents Management Department \u2013 Inta Mikanovska-Mikalovska<br><\/strong>+37167971402<br>+37120202297<br><a href=\"mailto:inta.mikanovska@turaida-muzejs.lv\" title=\"\">inta.mikanovska@tmr.gov.lv<\/a><\/p>\n\n\n\n<p><strong>Head of the Department for<br>Monument Preservation and Infrastructure Development \u2013 Inese Bu\u0161a<\/strong><br>+37167971402<br>+37126036237<br><a href=\"https:\/\/turaida-muzejs.lv\/muzejrezervats\/tmr-komandas-struktura\/inese.busa@tmr.gov.lv\">inese.busa@tmr.gov.lv<\/a><\/p>\n\n\n\n<p><strong>Head of the Monuments Department \u2013 J\u0101nis Spila<br><\/strong>+37167973815<br><a href=\"mailto:janis.spila@turaida-muzejs.lv\/en\">janis.spila@tmr.gov.lv<\/a><\/p>\n\n\n\n<p><strong>Head of the Department for Cultural Environment \u2013 Ilze Loc\u0101ne<\/strong><br>+37167971402<br><a href=\"mailto:ilze.locane@tmr.gov.lv\">ilze.locane@tmr.gov.lv<\/a><\/p>\n\n\n\n<p><strong>Financial Manager \u2013 Diana Ozola<\/strong><br>+37167973265<br>+37129139154<br><a href=\"mailto:Diana.Ozola@tmr.gov.lv\">diana.ozola@tmr.gov.lv<\/a><br><a href=\"mailto:gramatvediba@turaida-muzejs.lv\">gramatvediba@tmr.gov.lv<\/a><\/p>\n\n\n\n<p><strong>Financial Specialist<\/strong> <strong>&#8211; Ingr\u012bda \u0136eizare-Auzi\u0146a<\/strong><br>+37167973265<br><a href=\"mailto:ingrida.keizare-auzina@tmr.gov.lv\">ingrida.keizare-auzina@tmr.gov.lv<\/a><br><a href=\"mailto:gramatvediba@turaida-muzejs.lv\">gramatvediba@tmr.gov.lv<\/a><strong><\/strong><\/p>\n\n\n\n<p><strong>Personal data protection specialist:<\/strong><br>Jurijs Vi\u0161\u0146akovs<br>t.+37129243773<br>e-mail: <a href=\"mailto:jurijs.visnakovs@idagentura.lv\">jurijs.visnakovs@idagentura.lv<\/a><\/p>\n\n\n\n<p><strong>E-adrese sazi\u0146ai ar muzeju:<\/strong><\/p>\n\n\n\n<figure class=\"wp-block-image size-full\"><a href=\"https:\/\/www.latvija.lv\/lv\/Eaddress\/write?address=_default@90000012776\" target=\"_blank\" rel=\"noreferrer noopener\"><img loading=\"lazy\" decoding=\"async\" width=\"250\" height=\"113\" src=\"https:\/\/turaida-muzejs.lv\/en\/wp-content\/uploads\/sites\/2\/2024\/08\/eadreselogo-003.png\" alt=\"\" class=\"wp-image-513\"\/><\/a><\/figure>\n\n\n\n<p><\/p>\n\n\n\n<h2 class=\"wp-block-heading\">Organizational structure of the Turaida Museum Reserve<\/h2>\n\n\n\n<figure class=\"wp-block-image size-full\"><img loading=\"lazy\" decoding=\"async\" width=\"2067\" height=\"2044\" src=\"https:\/\/turaida-muzejs.lv\/en\/wp-content\/uploads\/sites\/4\/2026\/03\/Rikojums-12-1.jpg\" alt=\"\" class=\"wp-image-2057\" srcset=\"https:\/\/turaida-muzejs.lv\/en\/wp-content\/uploads\/sites\/4\/2026\/03\/Rikojums-12-1.jpg 2067w, https:\/\/turaida-muzejs.lv\/en\/wp-content\/uploads\/sites\/4\/2026\/03\/Rikojums-12-1-300x297.jpg 300w, https:\/\/turaida-muzejs.lv\/en\/wp-content\/uploads\/sites\/4\/2026\/03\/Rikojums-12-1-1024x1013.jpg 1024w, https:\/\/turaida-muzejs.lv\/en\/wp-content\/uploads\/sites\/4\/2026\/03\/Rikojums-12-1-768x759.jpg 768w, https:\/\/turaida-muzejs.lv\/en\/wp-content\/uploads\/sites\/4\/2026\/03\/Rikojums-12-1-1536x1519.jpg 1536w, https:\/\/turaida-muzejs.lv\/en\/wp-content\/uploads\/sites\/4\/2026\/03\/Rikojums-12-1-2048x2025.jpg 2048w\" sizes=\"(max-width: 2067px) 100vw, 2067px\" \/><\/figure>\n","protected":false},"excerpt":{"rendered":"<p>Contacts of Turaida Museum Reserve Visitor center phone: +37167972376, +37129139220 (every day during the working hours of the museum reserve)Contact phone: +37167971402, +37163500001 (working days)Email for communication: pasts@tmr.gov.lv Contacts of Turaida Museum Reserve employees Director &#8211; Jolanta Bor\u012bte+37167971402+37126198322 jolanta.borite@tmr.gov.lv Deputy Director for Scientific Research &#8211; Vija Stik\u0101ne+37167971402+37128646552vija.stikane@tmr.gov.lv Head of the Department for Development and Communications [&hellip;]<\/p>\n","protected":false},"author":1,"featured_media":0,"parent":166,"menu_order":0,"comment_status":"closed","ping_status":"closed","template":"","meta":{"om_disable_all_campaigns":false,"_monsterinsights_skip_tracking":false,"_monsterinsights_sitenote_active":false,"_monsterinsights_sitenote_note":"","_monsterinsights_sitenote_category":0,"footnotes":""},"class_list":["post-174","page","type-page","status-publish","hentry"],"aioseo_notices":[],"_links":{"self":[{"href":"https:\/\/turaida-muzejs.lv\/en\/wp-json\/wp\/v2\/pages\/174"}],"collection":[{"href":"https:\/\/turaida-muzejs.lv\/en\/wp-json\/wp\/v2\/pages"}],"about":[{"href":"https:\/\/turaida-muzejs.lv\/en\/wp-json\/wp\/v2\/types\/page"}],"author":[{"embeddable":true,"href":"https:\/\/turaida-muzejs.lv\/en\/wp-json\/wp\/v2\/users\/1"}],"replies":[{"embeddable":true,"href":"https:\/\/turaida-muzejs.lv\/en\/wp-json\/wp\/v2\/comments?post=174"}],"version-history":[{"count":45,"href":"https:\/\/turaida-muzejs.lv\/en\/wp-json\/wp\/v2\/pages\/174\/revisions"}],"predecessor-version":[{"id":2058,"href":"https:\/\/turaida-muzejs.lv\/en\/wp-json\/wp\/v2\/pages\/174\/revisions\/2058"}],"up":[{"embeddable":true,"href":"https:\/\/turaida-muzejs.lv\/en\/wp-json\/wp\/v2\/pages\/166"}],"wp:attachment":[{"href":"https:\/\/turaida-muzejs.lv\/en\/wp-json\/wp\/v2\/media?parent=174"}],"curies":[{"name":"wp","href":"https:\/\/api.w.org\/{rel}","templated":true}]}}