{"id":1365,"date":"2024-09-25T11:26:10","date_gmt":"2024-09-25T08:26:10","guid":{"rendered":"https:\/\/turaida-muzejs.lv\/en\/?page_id=1365"},"modified":"2025-01-13T14:40:04","modified_gmt":"2025-01-13T11:40:04","slug":"bank-account-specifications","status":"publish","type":"page","link":"https:\/\/turaida-muzejs.lv\/en\/history-of-turaida-museum-reserve\/bank-account-specifications\/","title":{"rendered":"Bank account specifications"},"content":{"rendered":"\n<p><strong>Title:<\/strong> \u012apa\u0161i aizsarg\u0101jamais kult\u016bras piemineklis \u2013 Turaidas muzejrezerv\u0101ts<br><strong>Re\u0123. Nr.:<\/strong> LV 90000012776<br><strong>Address: <\/strong>Turaidas iela 10, Sigulda, Siguldas novads, LV2150<br><strong>Phone:<\/strong> 371 67971402, +37163500001<br><strong>E-mail: <\/strong><a href=\"mailto:pasts@tmr.gov.lv\">pasts@tmr.gov.lv<\/a><br><strong>Bank:<\/strong> Valsts kase<br><strong>SWIFT:<\/strong> TRELLV22<br><strong>Konts:<\/strong> LV81TREL2220544006000<\/p>\n\n\n\n<p><\/p>\n","protected":false},"excerpt":{"rendered":"<p>Title: \u012apa\u0161i aizsarg\u0101jamais kult\u016bras piemineklis \u2013 Turaidas muzejrezerv\u0101tsRe\u0123. Nr.: LV 90000012776Address: Turaidas iela 10, Sigulda, Siguldas novads, LV2150Phone: 371 67971402, +37163500001E-mail: pasts@tmr.gov.lvBank: Valsts kaseSWIFT: TRELLV22Konts: LV81TREL2220544006000<\/p>\n","protected":false},"author":1,"featured_media":0,"parent":166,"menu_order":0,"comment_status":"closed","ping_status":"closed","template":"","meta":{"om_disable_all_campaigns":false,"_monsterinsights_skip_tracking":false,"_monsterinsights_sitenote_active":false,"_monsterinsights_sitenote_note":"","_monsterinsights_sitenote_category":0,"footnotes":""},"class_list":["post-1365","page","type-page","status-publish","hentry"],"aioseo_notices":[],"_links":{"self":[{"href":"https:\/\/turaida-muzejs.lv\/en\/wp-json\/wp\/v2\/pages\/1365"}],"collection":[{"href":"https:\/\/turaida-muzejs.lv\/en\/wp-json\/wp\/v2\/pages"}],"about":[{"href":"https:\/\/turaida-muzejs.lv\/en\/wp-json\/wp\/v2\/types\/page"}],"author":[{"embeddable":true,"href":"https:\/\/turaida-muzejs.lv\/en\/wp-json\/wp\/v2\/users\/1"}],"replies":[{"embeddable":true,"href":"https:\/\/turaida-muzejs.lv\/en\/wp-json\/wp\/v2\/comments?post=1365"}],"version-history":[{"count":4,"href":"https:\/\/turaida-muzejs.lv\/en\/wp-json\/wp\/v2\/pages\/1365\/revisions"}],"predecessor-version":[{"id":1635,"href":"https:\/\/turaida-muzejs.lv\/en\/wp-json\/wp\/v2\/pages\/1365\/revisions\/1635"}],"up":[{"embeddable":true,"href":"https:\/\/turaida-muzejs.lv\/en\/wp-json\/wp\/v2\/pages\/166"}],"wp:attachment":[{"href":"https:\/\/turaida-muzejs.lv\/en\/wp-json\/wp\/v2\/media?parent=1365"}],"curies":[{"name":"wp","href":"https:\/\/api.w.org\/{rel}","templated":true}]}}