{"id":136,"date":"2024-08-26T07:11:36","date_gmt":"2024-08-26T04:11:36","guid":{"rendered":"https:\/\/turaida-muzejs.lv\/en\/?page_id=136"},"modified":"2024-09-20T13:43:45","modified_gmt":"2024-09-20T10:43:45","slug":"getting-here","status":"publish","type":"page","link":"https:\/\/turaida-muzejs.lv\/en\/for-visitors\/getting-here\/","title":{"rendered":"Getting here"},"content":{"rendered":"\n<div class=\"wp-block-columns is-layout-flex wp-container-core-columns-is-layout-1 wp-block-columns-is-layout-flex\">\n<div class=\"wp-block-column is-layout-flow wp-block-column-is-layout-flow\"><\/div>\n<\/div>\n\n\n\n<p><strong>The Turaida Museum Reserve is located 5 km from the center of Sigulda in the territory of the Gauja National Park.Address: Turaidas iela 10, Sigulda, Sigulda county, LV-2150, Latvia.\u00a0GPS: 57\u00b010\u203256\u2033N; 27\u00b051\u20321\u2033E<\/strong><\/p>\n\n\n\n<figure class=\"wp-block-image size-large is-resized\"><img loading=\"lazy\" decoding=\"async\" width=\"1024\" height=\"682\" src=\"https:\/\/turaida-muzejs.lv\/en\/wp-content\/uploads\/sites\/4\/2024\/09\/DJI_0087-1024x682.jpg\" alt=\"\" class=\"wp-image-731\" style=\"width:512px;height:auto\" srcset=\"https:\/\/turaida-muzejs.lv\/en\/wp-content\/uploads\/sites\/4\/2024\/09\/DJI_0087-1024x682.jpg 1024w, https:\/\/turaida-muzejs.lv\/en\/wp-content\/uploads\/sites\/4\/2024\/09\/DJI_0087-300x200.jpg 300w, https:\/\/turaida-muzejs.lv\/en\/wp-content\/uploads\/sites\/4\/2024\/09\/DJI_0087-768x512.jpg 768w, https:\/\/turaida-muzejs.lv\/en\/wp-content\/uploads\/sites\/4\/2024\/09\/DJI_0087-1536x1023.jpg 1536w, https:\/\/turaida-muzejs.lv\/en\/wp-content\/uploads\/sites\/4\/2024\/09\/DJI_0087-2048x1365.jpg 2048w\" sizes=\"(max-width: 1024px) 100vw, 1024px\" \/><\/figure>\n\n\n\n<h2 class=\"wp-block-heading\">Transports<\/h2>\n\n\n\n<p><strong>By bus:<\/strong><br>Buses from Riga to Sigulda, C\u0113sis, Smilteni, Al\u016bksni, Gulbeni, Madona, etc. (and from the mentioned places to Sigulda) Stops SIGULDA (on highway A2) or SIGULDA BUS. The fee starts from 2.50 EUR per person. An up-to-date bus schedule is available \u2013- <a href=\"https:\/\/www.1188.lv\/satiksme\/starppilsetu-autobusi\" title=\"https:\/\/www.1188.lv\/satiksme\/starppilsetu-autobusi\">https:\/\/www.1188.lv\/satiksme\/starppilsetu-autobusi<\/a><br><\/p>\n\n\n\n<p><strong>By train:<\/strong><br>Trains from Riga to Sigulda, C\u0113sis, Valmiera, Valga. Stop SIGULDA. The fee starts from 2.50 EUR per person. The train schedule is available at <a href=\"https:\/\/www.vivi.lv\/lv\" title=\"https:\/\/www.vivi.lv\/lv\">https:\/\/www.vivi.lv\/lv<\/a><br><\/p>\n\n\n\n<p><strong>By car:<\/strong><br>Buses from Sigulda bus station to Krimulda, Inciems. Stop TURAIDA. Fee 0.70 EUR per person. Bus schedule (route no. 12)<br><\/p>\n\n\n\n<p><strong>By bus from Sigulda:<\/strong><br>Autobusi no Siguldas autoostas uz Krimuldu, Inciemu. Pietura TURAIDA. Maksa 0.70 EUR vienam cilv\u0113kam. Autobusu kust\u012bbas saraksts (mar\u0161ruts Nr. 12 ) \u2013 <a href=\"https:\/\/www.cata.lv\/faili\/autobusukustiba\/sigulda\/3112.pdf\" title=\"https:\/\/www.cata.lv\/faili\/autobusukustiba\/sigulda\/3112.pdf \">https:\/\/www.cata.lv\/faili\/autobusukustiba\/sigulda\/3112.pdf <\/a><br><\/p>\n\n\n\n<p><strong>By taxi:<\/strong><br>Taxi stand in the square near the Sigulda railway station. Fee from 6.00 \u2013 12.00 EUR per trip.<\/p>\n\n\n\n<p><br><\/p>\n","protected":false},"excerpt":{"rendered":"<p>The Turaida Museum Reserve is located 5 km from the center of Sigulda in the territory of the Gauja National Park.Address: Turaidas iela 10, Sigulda, Sigulda county, LV-2150, Latvia.\u00a0GPS: 57\u00b010\u203256\u2033N; 27\u00b051\u20321\u2033E Transports By bus:Buses from Riga to Sigulda, C\u0113sis, Smilteni, Al\u016bksni, Gulbeni, Madona, etc. (and from the mentioned places to Sigulda) Stops SIGULDA (on highway [&hellip;]<\/p>\n","protected":false},"author":1,"featured_media":0,"parent":56,"menu_order":0,"comment_status":"closed","ping_status":"closed","template":"","meta":{"om_disable_all_campaigns":false,"_monsterinsights_skip_tracking":false,"_monsterinsights_sitenote_active":false,"_monsterinsights_sitenote_note":"","_monsterinsights_sitenote_category":0,"footnotes":""},"class_list":["post-136","page","type-page","status-publish","hentry"],"aioseo_notices":[],"_links":{"self":[{"href":"https:\/\/turaida-muzejs.lv\/en\/wp-json\/wp\/v2\/pages\/136"}],"collection":[{"href":"https:\/\/turaida-muzejs.lv\/en\/wp-json\/wp\/v2\/pages"}],"about":[{"href":"https:\/\/turaida-muzejs.lv\/en\/wp-json\/wp\/v2\/types\/page"}],"author":[{"embeddable":true,"href":"https:\/\/turaida-muzejs.lv\/en\/wp-json\/wp\/v2\/users\/1"}],"replies":[{"embeddable":true,"href":"https:\/\/turaida-muzejs.lv\/en\/wp-json\/wp\/v2\/comments?post=136"}],"version-history":[{"count":14,"href":"https:\/\/turaida-muzejs.lv\/en\/wp-json\/wp\/v2\/pages\/136\/revisions"}],"predecessor-version":[{"id":1234,"href":"https:\/\/turaida-muzejs.lv\/en\/wp-json\/wp\/v2\/pages\/136\/revisions\/1234"}],"up":[{"embeddable":true,"href":"https:\/\/turaida-muzejs.lv\/en\/wp-json\/wp\/v2\/pages\/56"}],"wp:attachment":[{"href":"https:\/\/turaida-muzejs.lv\/en\/wp-json\/wp\/v2\/media?parent=136"}],"curies":[{"name":"wp","href":"https:\/\/api.w.org\/{rel}","templated":true}]}}