{"id":1329,"date":"2024-09-25T10:56:55","date_gmt":"2024-09-25T07:56:55","guid":{"rendered":"https:\/\/turaida-muzejs.lv\/en\/?page_id=1329"},"modified":"2025-01-14T12:33:57","modified_gmt":"2025-01-14T09:33:57","slug":"liv-trail","status":"publish","type":"page","link":"https:\/\/turaida-muzejs.lv\/en\/exhibitions\/open-air-exhibitions\/liv-trail\/","title":{"rendered":"The Liv Trail"},"content":{"rendered":"\n<p>The longest path to Folk Song Hill begins at the \u201cLiv Bird\u201d sculpture in Folk Song Garden.&nbsp; The Liv Path stretches from Folk Song Garden to Folk Song Hill, and it is 800 m long.&nbsp; People who walk down the path will hear birdsong and the wind, and they can look at the landscape that has been shaped by nature and people.&nbsp; J\u0101\u0146kalns Hill is on the left side of the path, and to the right is the R\u012btup\u012bte River, which collects water from Folk Song Garden and surrounding streams.&nbsp; <\/p>\n\n\n\n<p>The beginning of the path runs along the location of an ancient road via which the Livs of Turaida accessed the Gauja River in antiquity.&nbsp; Across the R\u012btup\u012bte, there is the small Skandinieku stream.&nbsp; Here we find a Devonian Era cliff with a small cave from which the stream flows.&nbsp; From there, there are steps leading up Folk Song Hill.<\/p>\n\n\n\n<p>On the sides of the path are oaks, ashes, bird-cherries, hazels, woodbines, viburnum and other trees.&nbsp; Other plants which do well in the area include the fern, stone-crap, European wild ginger, meadow pea, brooklime, May lilies and other interesting plants.&nbsp; There are also various mushrooms, mosses and lichens here.<\/p>\n\n\n\n<h2 class=\"wp-block-heading\"><strong>The Skandenieku stream<\/strong><\/h2>\n\n\n\n<p>While helping to clean up Folk Song Hill in 1982, members of the folklore group \u201cSkandenieki\u201d found and cleaned up the cave and the stream.&nbsp; That is why it is known as the \u201cSkandenieku stream.\u201d<\/p>\n\n\n\n<p>\u201cLittle water, little stone, they lived the life of the Sun\u201d \u2013 that is what a Latvian folk song says.&nbsp; Turaida is full of subterranean waterways which try to break out to the surface in Folk Song Garden and Folk Song Hill.&nbsp; The wonderful water of the Skandenieku stream will be enjoyed by those who are thirsty after their hike down the Liv trail.<\/p>\n\n\n\n<p>The Devonian Era sandstone cave is 3 m high and 6 m wide, and the length of the cave, from which the stream flows, is 6.5 m.\u00a0 This is the deepest cave at the Turaida Museum Reserve.\u00a0 The water from the stream is pure, and its temperature is always between 6 and 8\u00ba C. Mosses and lichen cover the foot of the cliffs, while at the top there are fragile ferns and other plants of various kinds.<\/p>\n\n\n\n<p><\/p>\n\n\n\n<figure class=\"wp-block-gallery has-nested-images columns-default is-cropped wp-block-gallery-1 is-layout-flex wp-block-gallery-is-layout-flex\">\n<figure class=\"wp-block-image size-large\"><img loading=\"lazy\" decoding=\"async\" width=\"768\" height=\"1024\" data-id=\"1643\" src=\"https:\/\/turaida-muzejs.lv\/en\/wp-content\/uploads\/sites\/4\/2025\/01\/20210730_112636-768x1024.webp\" alt=\"\" class=\"wp-image-1643\" srcset=\"https:\/\/turaida-muzejs.lv\/en\/wp-content\/uploads\/sites\/4\/2025\/01\/20210730_112636-768x1024.webp 768w, https:\/\/turaida-muzejs.lv\/en\/wp-content\/uploads\/sites\/4\/2025\/01\/20210730_112636-225x300.webp 225w, https:\/\/turaida-muzejs.lv\/en\/wp-content\/uploads\/sites\/4\/2025\/01\/20210730_112636-1152x1536.webp 1152w, https:\/\/turaida-muzejs.lv\/en\/wp-content\/uploads\/sites\/4\/2025\/01\/20210730_112636-1536x2048.webp 1536w, https:\/\/turaida-muzejs.lv\/en\/wp-content\/uploads\/sites\/4\/2025\/01\/20210730_112636-scaled.webp 1920w\" sizes=\"(max-width: 768px) 100vw, 768px\" \/><\/figure>\n\n\n\n<figure class=\"wp-block-image size-large\"><img loading=\"lazy\" decoding=\"async\" width=\"567\" height=\"1024\" data-id=\"1641\" src=\"https:\/\/turaida-muzejs.lv\/en\/wp-content\/uploads\/sites\/4\/2025\/01\/20241001_194931-567x1024.webp\" alt=\"\" class=\"wp-image-1641\" srcset=\"https:\/\/turaida-muzejs.lv\/en\/wp-content\/uploads\/sites\/4\/2025\/01\/20241001_194931-567x1024.webp 567w, https:\/\/turaida-muzejs.lv\/en\/wp-content\/uploads\/sites\/4\/2025\/01\/20241001_194931-166x300.webp 166w, https:\/\/turaida-muzejs.lv\/en\/wp-content\/uploads\/sites\/4\/2025\/01\/20241001_194931-768x1388.webp 768w, https:\/\/turaida-muzejs.lv\/en\/wp-content\/uploads\/sites\/4\/2025\/01\/20241001_194931-850x1536.webp 850w, https:\/\/turaida-muzejs.lv\/en\/wp-content\/uploads\/sites\/4\/2025\/01\/20241001_194931-1133x2048.webp 1133w, https:\/\/turaida-muzejs.lv\/en\/wp-content\/uploads\/sites\/4\/2025\/01\/20241001_194931-scaled.webp 1417w\" sizes=\"(max-width: 567px) 100vw, 567px\" \/><\/figure>\n\n\n\n<figure class=\"wp-block-image size-large\"><img loading=\"lazy\" decoding=\"async\" width=\"576\" height=\"1024\" data-id=\"1642\" src=\"https:\/\/turaida-muzejs.lv\/en\/wp-content\/uploads\/sites\/4\/2025\/01\/20241001_195513-576x1024.webp\" alt=\"\" class=\"wp-image-1642\" srcset=\"https:\/\/turaida-muzejs.lv\/en\/wp-content\/uploads\/sites\/4\/2025\/01\/20241001_195513-576x1024.webp 576w, https:\/\/turaida-muzejs.lv\/en\/wp-content\/uploads\/sites\/4\/2025\/01\/20241001_195513-169x300.webp 169w, https:\/\/turaida-muzejs.lv\/en\/wp-content\/uploads\/sites\/4\/2025\/01\/20241001_195513-768x1365.webp 768w, https:\/\/turaida-muzejs.lv\/en\/wp-content\/uploads\/sites\/4\/2025\/01\/20241001_195513-864x1536.webp 864w, https:\/\/turaida-muzejs.lv\/en\/wp-content\/uploads\/sites\/4\/2025\/01\/20241001_195513-1152x2048.webp 1152w, https:\/\/turaida-muzejs.lv\/en\/wp-content\/uploads\/sites\/4\/2025\/01\/20241001_195513-scaled.webp 1440w\" sizes=\"(max-width: 576px) 100vw, 576px\" \/><\/figure>\n<\/figure>\n\n\n\n<figure class=\"wp-block-image size-large is-resized\"><img loading=\"lazy\" decoding=\"async\" width=\"1024\" height=\"768\" src=\"https:\/\/turaida-muzejs.lv\/en\/wp-content\/uploads\/sites\/4\/2025\/01\/20210730_113433-1-1024x768.webp\" alt=\"\" class=\"wp-image-1645\" style=\"width:564px;height:auto\" srcset=\"https:\/\/turaida-muzejs.lv\/en\/wp-content\/uploads\/sites\/4\/2025\/01\/20210730_113433-1-1024x768.webp 1024w, https:\/\/turaida-muzejs.lv\/en\/wp-content\/uploads\/sites\/4\/2025\/01\/20210730_113433-1-300x225.webp 300w, https:\/\/turaida-muzejs.lv\/en\/wp-content\/uploads\/sites\/4\/2025\/01\/20210730_113433-1-768x576.webp 768w, https:\/\/turaida-muzejs.lv\/en\/wp-content\/uploads\/sites\/4\/2025\/01\/20210730_113433-1-1536x1152.webp 1536w, https:\/\/turaida-muzejs.lv\/en\/wp-content\/uploads\/sites\/4\/2025\/01\/20210730_113433-1-2048x1536.webp 2048w\" sizes=\"(max-width: 1024px) 100vw, 1024px\" \/><\/figure>\n","protected":false},"excerpt":{"rendered":"<p>The longest path to Folk Song Hill begins at the \u201cLiv Bird\u201d sculpture in Folk Song Garden.&nbsp; The Liv Path stretches from Folk Song Garden to Folk Song Hill, and it is 800 m long.&nbsp; People who walk down the path will hear birdsong and the wind, and they can look at the landscape that [&hellip;]<\/p>\n","protected":false},"author":1,"featured_media":0,"parent":1323,"menu_order":0,"comment_status":"closed","ping_status":"closed","template":"","meta":{"om_disable_all_campaigns":false,"_monsterinsights_skip_tracking":false,"_monsterinsights_sitenote_active":false,"_monsterinsights_sitenote_note":"","_monsterinsights_sitenote_category":0,"footnotes":""},"class_list":["post-1329","page","type-page","status-publish","hentry"],"aioseo_notices":[],"_links":{"self":[{"href":"https:\/\/turaida-muzejs.lv\/en\/wp-json\/wp\/v2\/pages\/1329"}],"collection":[{"href":"https:\/\/turaida-muzejs.lv\/en\/wp-json\/wp\/v2\/pages"}],"about":[{"href":"https:\/\/turaida-muzejs.lv\/en\/wp-json\/wp\/v2\/types\/page"}],"author":[{"embeddable":true,"href":"https:\/\/turaida-muzejs.lv\/en\/wp-json\/wp\/v2\/users\/1"}],"replies":[{"embeddable":true,"href":"https:\/\/turaida-muzejs.lv\/en\/wp-json\/wp\/v2\/comments?post=1329"}],"version-history":[{"count":8,"href":"https:\/\/turaida-muzejs.lv\/en\/wp-json\/wp\/v2\/pages\/1329\/revisions"}],"predecessor-version":[{"id":1653,"href":"https:\/\/turaida-muzejs.lv\/en\/wp-json\/wp\/v2\/pages\/1329\/revisions\/1653"}],"up":[{"embeddable":true,"href":"https:\/\/turaida-muzejs.lv\/en\/wp-json\/wp\/v2\/pages\/1323"}],"wp:attachment":[{"href":"https:\/\/turaida-muzejs.lv\/en\/wp-json\/wp\/v2\/media?parent=1329"}],"curies":[{"name":"wp","href":"https:\/\/api.w.org\/{rel}","templated":true}]}}