{"id":1325,"date":"2024-09-25T10:55:37","date_gmt":"2024-09-25T07:55:37","guid":{"rendered":"https:\/\/turaida-muzejs.lv\/en\/?page_id=1325"},"modified":"2025-01-16T14:44:29","modified_gmt":"2025-01-16T11:44:29","slug":"permanent-exhibitions","status":"publish","type":"page","link":"https:\/\/turaida-muzejs.lv\/en\/exhibitions\/permanent-exhibitions\/","title":{"rendered":"Permanent exhibitions"},"content":{"rendered":"\n<div class=\"wp-block-group alignfull has-base-2-background-color has-background has-global-padding is-layout-constrained wp-container-core-group-is-layout-1 wp-block-group-is-layout-constrained\" style=\"margin-top:0;margin-bottom:0;padding-top:var(--wp--preset--spacing--30);padding-right:var(--wp--preset--spacing--30);padding-bottom:var(--wp--preset--spacing--30);padding-left:var(--wp--preset--spacing--30)\">\n<div class=\"wp-block-columns alignwide is-layout-flex wp-container-core-columns-is-layout-1 wp-block-columns-is-layout-flex\">\n<div class=\"wp-block-column is-vertically-aligned-center is-layout-flow wp-block-column-is-layout-flow\" style=\"flex-basis:40%\">\n<figure class=\"wp-block-image size-full is-style-default wp-duotone-unset-1\"><img loading=\"lazy\" decoding=\"async\" width=\"2560\" height=\"1707\" src=\"https:\/\/turaida-muzejs.lv\/en\/wp-content\/uploads\/sites\/4\/2024\/11\/IMG_7947-1-scaled-1.webp\" alt=\"\" class=\"wp-image-1433\" style=\"aspect-ratio:4\/3;object-fit:cover\" srcset=\"https:\/\/turaida-muzejs.lv\/en\/wp-content\/uploads\/sites\/4\/2024\/11\/IMG_7947-1-scaled-1.webp 2560w, https:\/\/turaida-muzejs.lv\/en\/wp-content\/uploads\/sites\/4\/2024\/11\/IMG_7947-1-scaled-1-300x200.webp 300w, https:\/\/turaida-muzejs.lv\/en\/wp-content\/uploads\/sites\/4\/2024\/11\/IMG_7947-1-scaled-1-1024x683.webp 1024w, https:\/\/turaida-muzejs.lv\/en\/wp-content\/uploads\/sites\/4\/2024\/11\/IMG_7947-1-scaled-1-768x512.webp 768w, https:\/\/turaida-muzejs.lv\/en\/wp-content\/uploads\/sites\/4\/2024\/11\/IMG_7947-1-scaled-1-1536x1024.webp 1536w, https:\/\/turaida-muzejs.lv\/en\/wp-content\/uploads\/sites\/4\/2024\/11\/IMG_7947-1-scaled-1-2048x1366.webp 2048w\" sizes=\"(max-width: 2560px) 100vw, 2560px\" \/><\/figure>\n<\/div>\n\n\n\n<div class=\"wp-block-column is-layout-flow wp-block-column-is-layout-flow\" style=\"flex-basis:40%\">\n<h2 class=\"wp-block-heading\"><br><br> On the Way to the State of Latvia. Corv\u00e9e-peasant. Independent Farmer. Citizen <\/h2>\n\n\n\n<p>The exhibition in the House of Corv\u00e9e-peasants of the Turaida Estate &#8220;On the Way to the State of Latvia. Corv\u00e9e-peasant. Independent Farmer. Citizen&#8221; reflects the developments of the 19th century and early 29th century in the territory of Latvia, mainly in Vidzeme. The way from the corv\u00e9e-peasant to the citizen of the Republic of Latvia spans several generations.  <\/p>\n\n\n\n<div class=\"wp-block-buttons is-layout-flex wp-block-buttons-is-layout-flex\">\n<div class=\"wp-block-button\"><a class=\"wp-block-button__link wp-element-button\" href=\"https:\/\/turaida-muzejs.lv\/en\/exhibitions\/permanent-exhibitions\/towards-the-latvian-state-a-vagrant-the-landlord-citizen\/\">Read more<\/a><\/div>\n<\/div>\n<\/div>\n<\/div>\n<\/div>\n\n\n\n<div class=\"wp-block-group alignfull has-base-background-color has-background has-global-padding is-layout-constrained wp-container-core-group-is-layout-2 wp-block-group-is-layout-constrained\" style=\"margin-top:0;margin-bottom:0;padding-top:var(--wp--preset--spacing--30);padding-right:var(--wp--preset--spacing--30);padding-bottom:var(--wp--preset--spacing--30);padding-left:var(--wp--preset--spacing--30)\">\n<div class=\"wp-block-columns alignwide is-layout-flex wp-container-core-columns-is-layout-2 wp-block-columns-is-layout-flex\">\n<div class=\"wp-block-column is-layout-flow wp-block-column-is-layout-flow\" style=\"flex-basis:40%\">\n<h2 class=\"wp-block-heading\"><strong><br><br><\/strong>Exhibitions inside Turaida estate buildings<strong> <\/strong><\/h2>\n\n\n\n<p>The origin of estates in Latvia dates back to the time when the first stone castles were built in Livonia and the first cloisters were established, and they needed revenues. So-called castle districts were established around the castle of the archbishop in Turaida and around all of Livonia\u2019s important castles. The point to these was to collect fees. The Turaida Castle was a fortress, but also an economic centre at which the fees were collected and stored. The Turaida Estate gradually developed from the castle\u2019s operations.<\/p>\n\n\n\n<div class=\"wp-block-buttons is-layout-flex wp-block-buttons-is-layout-flex\">\n<div class=\"wp-block-button\"><a class=\"wp-block-button__link wp-element-button\" href=\"https:\/\/turaida-muzejs.lv\/en\/exhibitions\/permanent-exhibitions\/in-the-buildings-of-the-economic-centre-of-turaida-manor\/\">Read more<\/a><\/div>\n<\/div>\n<\/div>\n\n\n\n<div class=\"wp-block-column is-vertically-aligned-center is-layout-flow wp-block-column-is-layout-flow\" style=\"flex-basis:40%\">\n<figure class=\"wp-block-image size-full is-style-default wp-duotone-unset-2\"><img loading=\"lazy\" decoding=\"async\" width=\"800\" height=\"489\" src=\"https:\/\/turaida-muzejs.lv\/wp-content\/uploads\/2024\/08\/turaidas_m_karte_ziim_1.jpg\" alt=\"\" class=\"wp-image-50\" style=\"aspect-ratio:4\/3;object-fit:cover\" srcset=\"https:\/\/turaida-muzejs.lv\/en\/wp-content\/uploads\/sites\/4\/2024\/08\/turaidas_m_karte_ziim_1.jpg 800w, https:\/\/turaida-muzejs.lv\/en\/wp-content\/uploads\/sites\/4\/2024\/08\/turaidas_m_karte_ziim_1-300x183.jpg 300w, https:\/\/turaida-muzejs.lv\/en\/wp-content\/uploads\/sites\/4\/2024\/08\/turaidas_m_karte_ziim_1-768x469.jpg 768w\" sizes=\"(max-width: 800px) 100vw, 800px\" \/><\/figure>\n<\/div>\n<\/div>\n<\/div>\n\n\n\n<div class=\"wp-block-group alignfull has-base-2-background-color has-background has-global-padding is-layout-constrained wp-container-core-group-is-layout-3 wp-block-group-is-layout-constrained\" style=\"margin-top:0;margin-bottom:0;padding-top:var(--wp--preset--spacing--30);padding-right:var(--wp--preset--spacing--30);padding-bottom:var(--wp--preset--spacing--30);padding-left:var(--wp--preset--spacing--30)\">\n<div class=\"wp-block-columns alignwide is-layout-flex wp-container-core-columns-is-layout-3 wp-block-columns-is-layout-flex\">\n<div class=\"wp-block-column is-vertically-aligned-center is-layout-flow wp-block-column-is-layout-flow\" style=\"flex-basis:40%\">\n<figure class=\"wp-block-image size-full is-style-default wp-duotone-unset-3\"><img loading=\"lazy\" decoding=\"async\" width=\"1804\" height=\"1117\" src=\"https:\/\/turaida-muzejs.lv\/en\/wp-content\/uploads\/sites\/4\/2024\/11\/Ekspozicijas_web-2.webp\" alt=\"\" class=\"wp-image-1434\" style=\"aspect-ratio:4\/3;object-fit:cover\" srcset=\"https:\/\/turaida-muzejs.lv\/en\/wp-content\/uploads\/sites\/4\/2024\/11\/Ekspozicijas_web-2.webp 1804w, https:\/\/turaida-muzejs.lv\/en\/wp-content\/uploads\/sites\/4\/2024\/11\/Ekspozicijas_web-2-300x186.webp 300w, https:\/\/turaida-muzejs.lv\/en\/wp-content\/uploads\/sites\/4\/2024\/11\/Ekspozicijas_web-2-1024x634.webp 1024w, https:\/\/turaida-muzejs.lv\/en\/wp-content\/uploads\/sites\/4\/2024\/11\/Ekspozicijas_web-2-768x476.webp 768w, https:\/\/turaida-muzejs.lv\/en\/wp-content\/uploads\/sites\/4\/2024\/11\/Ekspozicijas_web-2-1536x951.webp 1536w\" sizes=\"(max-width: 1804px) 100vw, 1804px\" \/><\/figure>\n<\/div>\n\n\n\n<div class=\"wp-block-column is-layout-flow wp-block-column-is-layout-flow\" style=\"flex-basis:40%\">\n<h2 class=\"wp-block-heading\">The Livs of the Gauja in Latvia\u2019s Cultural History<\/h2>\n\n\n\n<p>The Turaida Museum Reserve is in the central part of the territory that was governed by the Livs of Turaida in ancient times.&nbsp; The exhibition \u201cThe Livs of the Gauja in Latvia\u2019s Cultural History\u201d speaks to the culture of the Liv people who populated the area around the Gauja between the 11<sup>th<\/sup> and 13<sup>th<\/sup> century in the area of Turaida.&nbsp; Visitors will learn about the everyday lives of the Livs, as well as about their mythical ideas which were closely linked to their surrounding world of nature.<\/p>\n\n\n\n<div class=\"wp-block-buttons is-layout-flex wp-block-buttons-is-layout-flex\">\n<div class=\"wp-block-button\"><a class=\"wp-block-button__link wp-element-button\" href=\"https:\/\/turaida-muzejs.lv\/en\/exhibitions\/permanent-exhibitions\/gauja-livs-in-latvian-cultural-history\/\">Read more<\/a><\/div>\n<\/div>\n<\/div>\n<\/div>\n<\/div>\n\n\n\n<div class=\"wp-block-group alignfull has-base-background-color has-background has-global-padding is-layout-constrained wp-container-core-group-is-layout-4 wp-block-group-is-layout-constrained\" style=\"margin-top:0;margin-bottom:0;padding-top:var(--wp--preset--spacing--30);padding-right:var(--wp--preset--spacing--30);padding-bottom:var(--wp--preset--spacing--30);padding-left:var(--wp--preset--spacing--30)\">\n<div class=\"wp-block-columns alignwide is-layout-flex wp-container-core-columns-is-layout-4 wp-block-columns-is-layout-flex\">\n<div class=\"wp-block-column is-layout-flow wp-block-column-is-layout-flow\" style=\"flex-basis:40%\">\n<h2 class=\"wp-block-heading\"><br><br>The stone castle of Turaida<\/h2>\n\n\n\n<p>Building of Turaida Castle was started in 1214 at the command of Albert, the Bishop of Riga, on the site, where previously was located the wooden stronghold of the Livs. In the Middle Ages Turaida Castle was one of the Archbishop`s castles of economic importance, the centre of bailiwick, the residence of district`s administrator and&nbsp; military fortification.<\/p>\n\n\n\n<div class=\"wp-block-buttons is-layout-flex wp-block-buttons-is-layout-flex\">\n<div class=\"wp-block-button\"><a class=\"wp-block-button__link wp-element-button\" href=\"https:\/\/turaida-muzejs.lv\/en\/exhibitions\/permanent-exhibitions\/turaida-stone-castle\/\">Read more<\/a><\/div>\n<\/div>\n<\/div>\n\n\n\n<div class=\"wp-block-column is-vertically-aligned-center is-layout-flow wp-block-column-is-layout-flow\" style=\"flex-basis:40%\">\n<figure class=\"wp-block-image size-full is-style-default wp-duotone-unset-4\"><img loading=\"lazy\" decoding=\"async\" width=\"1500\" height=\"844\" src=\"http:\/\/turaida-muzejs.lv\/wp-content\/uploads\/2024\/08\/DJI_0856.JPG.jpg\" alt=\"\" class=\"wp-image-32\" style=\"aspect-ratio:4\/3;object-fit:cover\" srcset=\"https:\/\/turaida-muzejs.lv\/en\/wp-content\/uploads\/sites\/4\/2024\/08\/DJI_0856.JPG.jpg 1500w, https:\/\/turaida-muzejs.lv\/en\/wp-content\/uploads\/sites\/4\/2024\/08\/DJI_0856.JPG-300x169.jpg 300w, https:\/\/turaida-muzejs.lv\/en\/wp-content\/uploads\/sites\/4\/2024\/08\/DJI_0856.JPG-1024x576.jpg 1024w, https:\/\/turaida-muzejs.lv\/en\/wp-content\/uploads\/sites\/4\/2024\/08\/DJI_0856.JPG-768x432.jpg 768w\" sizes=\"(max-width: 1500px) 100vw, 1500px\" \/><\/figure>\n<\/div>\n<\/div>\n<\/div>\n\n\n\n<div class=\"wp-block-group alignfull has-base-2-background-color has-background has-global-padding is-layout-constrained wp-container-core-group-is-layout-5 wp-block-group-is-layout-constrained\" style=\"margin-top:0;margin-bottom:0;padding-top:var(--wp--preset--spacing--30);padding-right:var(--wp--preset--spacing--30);padding-bottom:var(--wp--preset--spacing--30);padding-left:var(--wp--preset--spacing--30)\">\n<div class=\"wp-block-columns alignwide is-layout-flex wp-container-core-columns-is-layout-5 wp-block-columns-is-layout-flex\">\n<div class=\"wp-block-column is-vertically-aligned-center is-layout-flow wp-block-column-is-layout-flow\" style=\"flex-basis:40%\">\n<figure class=\"wp-block-image size-full is-style-default wp-duotone-unset-5\"><img loading=\"lazy\" decoding=\"async\" width=\"790\" height=\"500\" src=\"http:\/\/turaida-muzejs.lv\/wp-content\/uploads\/2024\/08\/Turaida16-790x500-1.jpg\" alt=\"\" class=\"wp-image-125\" style=\"aspect-ratio:4\/3;object-fit:cover\" srcset=\"https:\/\/turaida-muzejs.lv\/en\/wp-content\/uploads\/sites\/4\/2024\/08\/Turaida16-790x500-1.jpg 790w, https:\/\/turaida-muzejs.lv\/en\/wp-content\/uploads\/sites\/4\/2024\/08\/Turaida16-790x500-1-300x190.jpg 300w, https:\/\/turaida-muzejs.lv\/en\/wp-content\/uploads\/sites\/4\/2024\/08\/Turaida16-790x500-1-768x486.jpg 768w\" sizes=\"(max-width: 790px) 100vw, 790px\" \/><\/figure>\n<\/div>\n\n\n\n<div class=\"wp-block-column is-layout-flow wp-block-column-is-layout-flow\" style=\"flex-basis:40%\">\n<h2 class=\"wp-block-heading\"><br><br>The Turaida church<\/h2>\n\n\n\n<p>The Turaida church and its contents are a part of Latvia\u2019s sacral cultural heritage.&nbsp; The church is typical of Lutheran houses of worship built in Vidzeme during the mid-19<sup>th<\/sup> century. The church has an altar with a little fence around it, a pulpit, a balustrade to separate the altar space from the rest of the interior, as well as pews, some of which have existed since the time of the church\u2019s construction.&nbsp; Altar paintings, candelabras, liturgical items and other objects have been collected since the very beginning, and each object has its specific place and use in church rituals.<\/p>\n\n\n\n<div class=\"wp-block-buttons is-layout-flex wp-block-buttons-is-layout-flex\">\n<div class=\"wp-block-button\"><a class=\"wp-block-button__link wp-element-button\" href=\"https:\/\/turaida-muzejs.lv\/en\/exhibitions\/permanent-exhibitions\/turaida-church\/\">Read more<\/a><\/div>\n<\/div>\n<\/div>\n<\/div>\n<\/div>\n\n\n\n<div class=\"wp-block-group alignfull has-base-background-color has-background has-global-padding is-layout-constrained wp-container-core-group-is-layout-6 wp-block-group-is-layout-constrained\" style=\"margin-top:0;margin-bottom:0;padding-top:var(--wp--preset--spacing--30);padding-right:var(--wp--preset--spacing--30);padding-bottom:var(--wp--preset--spacing--30);padding-left:var(--wp--preset--spacing--30)\">\n<div class=\"wp-block-columns alignwide is-layout-flex wp-container-core-columns-is-layout-6 wp-block-columns-is-layout-flex\">\n<div class=\"wp-block-column is-layout-flow wp-block-column-is-layout-flow\" style=\"flex-basis:40%\">\n<h2 class=\"wp-block-heading\"><br><br>The Old Residence of<br>the Governor of the Turaida Estate<br><\/h2>\n\n\n\n<p>As the economic operations of the Turaida Estate expanded, a house was built in the early 19<sup>th<\/sup> century (around 1810) for the governor of the estate and his servants.&nbsp; It was a log building with so-called smooth corner connections.&nbsp; The ridged room is covered with Dutch-type tiles.&nbsp; Entrances to the house were on the northern and southern side, and there were two vaulted cellars, as well.<\/p>\n\n\n\n<div class=\"wp-block-buttons is-layout-flex wp-block-buttons-is-layout-flex\">\n<div class=\"wp-block-button\"><a class=\"wp-block-button__link wp-element-button\" href=\"https:\/\/turaida-muzejs.lv\/en\/exhibitions\/permanent-exhibitions\/the-old-house-of-the-turaida-manor-manager\/\">Read more<\/a><\/div>\n<\/div>\n<\/div>\n\n\n\n<div class=\"wp-block-column is-vertically-aligned-center is-layout-flow wp-block-column-is-layout-flow\" style=\"flex-basis:40%\">\n<figure class=\"wp-block-image size-full is-style-default wp-duotone-unset-6\"><img loading=\"lazy\" decoding=\"async\" width=\"2560\" height=\"1707\" src=\"https:\/\/turaida-muzejs.lv\/en\/wp-content\/uploads\/sites\/4\/2024\/11\/DSC07364-scaled-1.webp\" alt=\"\" class=\"wp-image-1436\" style=\"aspect-ratio:4\/3;object-fit:cover\" srcset=\"https:\/\/turaida-muzejs.lv\/en\/wp-content\/uploads\/sites\/4\/2024\/11\/DSC07364-scaled-1.webp 2560w, https:\/\/turaida-muzejs.lv\/en\/wp-content\/uploads\/sites\/4\/2024\/11\/DSC07364-scaled-1-300x200.webp 300w, https:\/\/turaida-muzejs.lv\/en\/wp-content\/uploads\/sites\/4\/2024\/11\/DSC07364-scaled-1-1024x683.webp 1024w, https:\/\/turaida-muzejs.lv\/en\/wp-content\/uploads\/sites\/4\/2024\/11\/DSC07364-scaled-1-768x512.webp 768w, https:\/\/turaida-muzejs.lv\/en\/wp-content\/uploads\/sites\/4\/2024\/11\/DSC07364-scaled-1-1536x1024.webp 1536w, https:\/\/turaida-muzejs.lv\/en\/wp-content\/uploads\/sites\/4\/2024\/11\/DSC07364-scaled-1-2048x1366.webp 2048w\" sizes=\"(max-width: 2560px) 100vw, 2560px\" \/><\/figure>\n<\/div>\n<\/div>\n<\/div>\n\n\n\n<p><\/p>\n","protected":false},"excerpt":{"rendered":"<p>On the Way to the State of Latvia. Corv\u00e9e-peasant. Independent Farmer. Citizen The exhibition in the House of Corv\u00e9e-peasants of the Turaida Estate &#8220;On the Way to the State of Latvia. Corv\u00e9e-peasant. Independent Farmer. Citizen&#8221; reflects the developments of the 19th century and early 29th century in the territory of Latvia, mainly in Vidzeme. The [&hellip;]<\/p>\n","protected":false},"author":1,"featured_media":0,"parent":146,"menu_order":0,"comment_status":"closed","ping_status":"closed","template":"","meta":{"om_disable_all_campaigns":false,"_monsterinsights_skip_tracking":false,"_monsterinsights_sitenote_active":false,"_monsterinsights_sitenote_note":"","_monsterinsights_sitenote_category":0,"footnotes":""},"class_list":["post-1325","page","type-page","status-publish","hentry"],"aioseo_notices":[],"_links":{"self":[{"href":"https:\/\/turaida-muzejs.lv\/en\/wp-json\/wp\/v2\/pages\/1325"}],"collection":[{"href":"https:\/\/turaida-muzejs.lv\/en\/wp-json\/wp\/v2\/pages"}],"about":[{"href":"https:\/\/turaida-muzejs.lv\/en\/wp-json\/wp\/v2\/types\/page"}],"author":[{"embeddable":true,"href":"https:\/\/turaida-muzejs.lv\/en\/wp-json\/wp\/v2\/users\/1"}],"replies":[{"embeddable":true,"href":"https:\/\/turaida-muzejs.lv\/en\/wp-json\/wp\/v2\/comments?post=1325"}],"version-history":[{"count":22,"href":"https:\/\/turaida-muzejs.lv\/en\/wp-json\/wp\/v2\/pages\/1325\/revisions"}],"predecessor-version":[{"id":1734,"href":"https:\/\/turaida-muzejs.lv\/en\/wp-json\/wp\/v2\/pages\/1325\/revisions\/1734"}],"up":[{"embeddable":true,"href":"https:\/\/turaida-muzejs.lv\/en\/wp-json\/wp\/v2\/pages\/146"}],"wp:attachment":[{"href":"https:\/\/turaida-muzejs.lv\/en\/wp-json\/wp\/v2\/media?parent=1325"}],"curies":[{"name":"wp","href":"https:\/\/api.w.org\/{rel}","templated":true}]}}